{"id":4352,"date":"2018-10-17T17:50:44","date_gmt":"2018-10-17T15:50:44","guid":{"rendered":"http:\/\/carmenperalta.com\/privacy\/"},"modified":"2018-10-17T17:50:45","modified_gmt":"2018-10-17T15:50:45","slug":"privacy","status":"publish","type":"page","link":"http:\/\/carmenperalta.com\/en\/privacy\/","title":{"rendered":"Privacy"},"content":{"rendered":"\t\t<div data-elementor-type=\"wp-page\" data-elementor-id=\"4352\" class=\"elementor elementor-4352 elementor-4215 elementor-bc-flex-widget\">\n\t\t\t\t\t\t<div class=\"elementor-inner\">\n\t\t\t\t<div class=\"elementor-section-wrap\">\n\t\t\t\t\t\t\t\t\t<section class=\"elementor-section elementor-top-section elementor-element elementor-element-90e2150 elementor-section-boxed elementor-section-height-default elementor-section-height-default\" data-id=\"90e2150\" data-element_type=\"section\">\n\t\t\t\t\t\t<div class=\"elementor-container elementor-column-gap-default\">\n\t\t\t\t\t\t\t<div class=\"elementor-row\">\n\t\t\t\t\t<div class=\"elementor-column elementor-col-100 elementor-top-column elementor-element elementor-element-b99cee9\" data-id=\"b99cee9\" data-element_type=\"column\">\n\t\t\t<div class=\"elementor-column-wrap elementor-element-populated\">\n\t\t\t\t\t\t\t<div class=\"elementor-widget-wrap\">\n\t\t\t\t\t\t<div class=\"elementor-element elementor-element-1c2f3a1 elementor-widget elementor-widget-text-editor\" data-id=\"1c2f3a1\" data-element_type=\"widget\" data-widget_type=\"text-editor.default\">\n\t\t\t\t<div class=\"elementor-widget-container\">\n\t\t\t\t\t\t\t\t<div class=\"elementor-text-editor elementor-clearfix\">\n\t\t\t\t<p style=\"line-height: normal; border: none; mso-padding-alt: 31.0pt 31.0pt 31.0pt 31.0pt; mso-border-shadow: yes; margin: 5.0pt 0cm 5.0pt 0cm;\"><b><strong><span>POLITICA DE PRIVACIDAD<\/span><\/strong><\/b><\/p>\n<p style=\"line-height: normal; border: none; mso-padding-alt: 31.0pt 31.0pt 31.0pt 31.0pt; mso-border-shadow: yes; margin: 5.0pt 0cm 5.0pt 0cm;\"><span>En CARMEN PERALTA MAKE UP &amp; HAIR EXPERT tenemos el firme compromiso de respetar y proteger su privacidad, por lo que les informamos aqu\u00ed de los distintos mecanismos por los que podemos adquirir y almacenar informaci\u00f3n en su visita, los objetivos de dicho tratamiento y los mecanismos y directivas por los que se regulan.<\/span><\/p>\n<p style=\"line-height: normal; border: none; mso-padding-alt: 31.0pt 31.0pt 31.0pt 31.0pt; mso-border-shadow: yes; margin: 5.0pt 0cm 5.0pt 0cm;\"><b><strong><span>Protecci\u00f3n De Datos Personales<\/span><\/strong><\/b><\/p>\n<p style=\"line-height: normal; border: none; mso-padding-alt: 31.0pt 31.0pt 31.0pt 31.0pt; mso-border-shadow: yes; margin: 5.0pt 0cm 5.0pt 0cm;\"><span>En cumplimiento del Reglamento General de Protecci\u00f3n de Datos (UE) 2016\/679, CARMEN PERALTA MAKE UP &amp; HAIR EXPERT responsable de los tratamientos de datos de car\u00e1cter personal, le informa de que los datos de\u00a0car\u00e1cter personal que nos facilite a trav\u00e9s de formularios de contacto disponibles en este sitio web, ser\u00e1n tratados con la finalidad de atender su solicitud y enviarle la informaci\u00f3n requerida.<\/span><\/p>\n<p style=\"line-height: normal; border: none; mso-padding-alt: 31.0pt 31.0pt 31.0pt 31.0pt; mso-border-shadow: yes; margin: 5.0pt 0cm 5.0pt 0cm;\"><span>Este tratamiento de datos tendr\u00e1 su base de legitimaci\u00f3n en su consentimiento manifestado mediante la acci\u00f3n de enviarnos la solicitud y facilitarnos sus datos y, en su caso, en el establecimiento de una relaci\u00f3n precontractual o contractual.<\/span><\/p>\n<p style=\"line-height: normal; border: none; mso-padding-alt: 31.0pt 31.0pt 31.0pt 31.0pt; mso-border-shadow: yes; margin: 5.0pt 0cm 5.0pt 0cm;\"><span>Cuando los datos sean recabados del formulario y no de otro campo abierto como mail contacto, ser\u00e1 necesario aportar, al menos, aquellos campos marcados con un asterisco, ya que en caso contrario, CARMEN PERALTA MAKE UP &amp; HAIR EXPERT no podr\u00e1 aceptar ni gestionar el cumplimiento de la relaci\u00f3n establecida.<\/span><\/p>\n<p style=\"line-height: normal; border: none; mso-padding-alt: 31.0pt 31.0pt 31.0pt 31.0pt; mso-border-shadow: yes; margin: 5.0pt 0cm 5.0pt 0cm;\"><span>Los datos ser\u00e1n mantenidos el tiempo necesario para atender su solicitud de informaci\u00f3n, salvo que se iniciara una relaci\u00f3n precontractual o contractual derivada de esta.<\/span><\/p>\n<p style=\"line-height: normal; border: none; mso-padding-alt: 31.0pt 31.0pt 31.0pt 31.0pt; mso-border-shadow: yes; margin: 5.0pt 0cm 5.0pt 0cm;\"><span>La informaci\u00f3n solicitada en los formularios de contacto es la necesaria para atender su solicitud, la falta de informaci\u00f3n podr\u00e1 conllevar la imposibilidad de gestionar correctamente su solicitud.<\/span><\/p>\n<p style=\"line-height: normal; border: none; mso-padding-alt: 31.0pt 31.0pt 31.0pt 31.0pt; mso-border-shadow: yes; margin: 5.0pt 0cm 5.0pt 0cm;\"><span>Sus datos no ser\u00e1n cedidos a terceros.<\/span><\/p>\n<p style=\"line-height: normal; border: none; mso-padding-alt: 31.0pt 31.0pt 31.0pt 31.0pt; mso-border-shadow: yes; margin: 5.0pt 0cm 5.0pt 0cm;\"><span>Si en sus formularios nos facilitara datos de terceros, deber\u00e1 informar previamente al titular de los datos de la utilizaci\u00f3n de estos y de las condiciones que se establecen en esta Pol\u00edtica de Privacidad, obteniendo su consentimiento para comunicarnos sus datos.<\/span><\/p>\n<p style=\"line-height: normal; border: none; mso-padding-alt: 31.0pt 31.0pt 31.0pt 31.0pt; mso-border-shadow: yes; margin: 5.0pt 0cm 5.0pt 0cm;\"><span>En caso de incumplimiento por su parte, Ud. se compromete a responder y a dejar indemne a CARMEN PERALTA MAKE UP &amp; HAIR EXPERT de cualesquiera da\u00f1os o perjuicios se deriven de dicho incumplimiento.<\/span><\/p>\n<p style=\"line-height: normal; border: none; mso-padding-alt: 31.0pt 31.0pt 31.0pt 31.0pt; mso-border-shadow: yes; margin: 5.0pt 0cm 5.0pt 0cm;\"><span>El tratamiento de sus datos se efectuar\u00e1 adoptando medidas de seguridad que garanticen, de acuerdo con el estado actual de la tecnolog\u00eda, la confidencialidad e integridad de la informaci\u00f3n que nos facilita.<\/span><\/p>\n<p style=\"line-height: normal; border: none; mso-padding-alt: 31.0pt 31.0pt 31.0pt 31.0pt; mso-border-shadow: yes; margin: 5.0pt 0cm 5.0pt 0cm;\"><span>Podr\u00e1 ejercer sus derechos de acceso, rectificaci\u00f3n, cancelaci\u00f3n, oposici\u00f3n, limitaci\u00f3n y portabilidad dirigi\u00e9ndose a CARMEN PERALTA MAKE UP &amp; HAIR EXPERT con domicilio social en Calle Ayala 30, 1\u00ba-13 Madrid mediante el env\u00edo de un correo electr\u00f3nico a la siguiente direcci\u00f3n: info@carmenperalta.com. Su solicitud deber\u00e1 ir acompa\u00f1ada de fotocopia de documento acreditativo de la personalidad valido en derecho y, en su caso, de los documentos que justifiquen su solicitud. Asimismo, podr\u00e1 dirigir sus reclamaciones ante la autoridad de control en Espa\u00f1a (AEPD)<\/span><\/p>\n<p style=\"line-height: normal; border: none; mso-padding-alt: 31.0pt 31.0pt 31.0pt 31.0pt; mso-border-shadow: yes; margin: 5.0pt 0cm 5.0pt 0cm;\"><b><strong><span>\u00a0<\/span><\/strong><\/b><\/p>\n<p style=\"line-height: normal; border: none; mso-padding-alt: 31.0pt 31.0pt 31.0pt 31.0pt; mso-border-shadow: yes; margin: 5.0pt 0cm 5.0pt 0cm;\"><span>Respecto a los diferentes formularios de solicitudes a los que se puede acceder en esta web, en cada uno de ellos se recoge la informaci\u00f3n relativa al cumplimiento de la normativa en materia de protecci\u00f3n, en cuanto al cumplimiento del derecho de informaci\u00f3n y obtenci\u00f3n del consentimiento cuando fuera necesario.<\/span><\/p>\n<p style=\"line-height: normal; border: none; mso-padding-alt: 31.0pt 31.0pt 31.0pt 31.0pt; mso-border-shadow: yes; margin: 5.0pt 0cm 5.0pt 0cm;\"><span>\u00a0<\/span><\/p>\n<p style=\"line-height: normal; border: none; mso-padding-alt: 31.0pt 31.0pt 31.0pt 31.0pt; mso-border-shadow: yes; margin: 5.0pt 0cm 5.0pt 0cm;\"><b><strong><span>CL\u00c1USULA FORMULARIO<\/span><\/strong><\/b><\/p>\n<p style=\"line-height: normal; border: none; mso-padding-alt: 31.0pt 31.0pt 31.0pt 31.0pt; mso-border-shadow: yes; margin: 5.0pt 0cm 5.0pt 0cm;\"><b><strong><span>Nivel de Informaci\u00f3n 2\u00ba Capa<\/span><\/strong><\/b><\/p>\n<p style=\"line-height: normal; border: none; mso-padding-alt: 31.0pt 31.0pt 31.0pt 31.0pt; mso-border-shadow: yes; margin: 5.0pt 0cm 5.0pt 0cm;\"><b><strong><span>PROTECCI\u00d3N DE DATOS DE CAR\u00c1CTER PERSONAL<\/span><\/strong><\/b><\/p>\n<p style=\"line-height: normal; border: none; mso-padding-alt: 31.0pt 31.0pt 31.0pt 31.0pt; mso-border-shadow: yes; margin: 5.0pt 0cm 5.0pt 0cm;\"><span>\u00a0<\/span><\/p>\n<p style=\"line-height: normal; border: none; mso-padding-alt: 31.0pt 31.0pt 31.0pt 31.0pt; mso-border-shadow: yes; margin: 5.0pt 0cm 5.0pt 0cm;\"><span>\u00a0<\/span><\/p>\n\t\t\t\t\t<\/div>\n\t\t\t\t\t\t<\/div>\n\t\t\t\t<\/div>\n\t\t\t\t\t\t<\/div>\n\t\t\t\t\t<\/div>\n\t\t<\/div>\n\t\t\t\t\t\t\t\t<\/div>\n\t\t\t\t\t<\/div>\n\t\t<\/section>\n\t\t\t\t\t\t\t\t\t<\/div>\n\t\t\t<\/div>\n\t\t\t\t\t<\/div>\n\t\t","protected":false},"excerpt":{"rendered":"<p>POLITICA DE PRIVACIDAD En CARMEN PERALTA MAKE UP &amp; HAIR EXPERT tenemos el firme compromiso de respetar y proteger su privacidad, por lo que les informamos aqu\u00ed de los distintos mecanismos por los que podemos adquirir y almacenar informaci\u00f3n en su visita, los objetivos de dicho tratamiento y los mecanismos y directivas por los que &#8230; <a title=\"Privacy\" class=\"read-more\" href=\"http:\/\/carmenperalta.com\/en\/privacy\/\" aria-label=\"More on Privacy\">Read more<\/a><\/p>\n","protected":false},"author":3,"featured_media":0,"parent":0,"menu_order":0,"comment_status":"closed","ping_status":"closed","template":"elementor_header_footer","meta":[],"_links":{"self":[{"href":"http:\/\/carmenperalta.com\/en\/wp-json\/wp\/v2\/pages\/4352"}],"collection":[{"href":"http:\/\/carmenperalta.com\/en\/wp-json\/wp\/v2\/pages"}],"about":[{"href":"http:\/\/carmenperalta.com\/en\/wp-json\/wp\/v2\/types\/page"}],"author":[{"embeddable":true,"href":"http:\/\/carmenperalta.com\/en\/wp-json\/wp\/v2\/users\/3"}],"replies":[{"embeddable":true,"href":"http:\/\/carmenperalta.com\/en\/wp-json\/wp\/v2\/comments?post=4352"}],"version-history":[{"count":1,"href":"http:\/\/carmenperalta.com\/en\/wp-json\/wp\/v2\/pages\/4352\/revisions"}],"predecessor-version":[{"id":4353,"href":"http:\/\/carmenperalta.com\/en\/wp-json\/wp\/v2\/pages\/4352\/revisions\/4353"}],"wp:attachment":[{"href":"http:\/\/carmenperalta.com\/en\/wp-json\/wp\/v2\/media?parent=4352"}],"curies":[{"name":"wp","href":"https:\/\/api.w.org\/{rel}","templated":true}]}}